
{"id":473,"date":"2011-08-22T20:57:02","date_gmt":"2011-08-22T18:57:02","guid":{"rendered":"https:\/\/www.nextmove.lv\/?page_id=473"},"modified":"2024-03-02T23:08:11","modified_gmt":"2024-03-02T21:08:11","slug":"galerija","status":"publish","type":"page","link":"https:\/\/www.nextmove.lv\/en\/galerija\/","title":{"rendered":"Gallery"},"content":{"rendered":"ngg_shortcode_0_placeholder\n","protected":false},"excerpt":{"rendered":"n[ex]t move @Maz\u0101 \u0122ilde 4&nbsp;Photos koncerts R\u016bjien\u0101 1&nbsp;Photos koncerts Aizkraukl\u0113 2&nbsp;Photos LR Prokurat\u016bra 5&nbsp;Photos n[ex]t move @Vaide 9&nbsp;Photos n[ex]t move@Madona 6&nbsp;Photos n[ex]t move in action 4&nbsp;Photos concert at the church 15&nbsp;Photos n[ex]t move@JVLMA 4&nbsp;Photos n[ex]t move@Sigulda Skan 8&nbsp;Photos Omas Briljanta jubileja 5&nbsp;Photos Indija 02.2013. 14&nbsp;Photos Indija 11.2012. 14&nbsp;Photos D\u0101larna, Zviedrija 2 18&nbsp;Photos D\u0101larna, Zviedrija 1 16&nbsp;Photos Travel Out There 20&nbsp;Photos Brass&amp;Jazz nosl\u0113gums 5&nbsp;Photos R\u012bgas sv\u0113tki 2012 18&nbsp;Photos Parks, Valmiera 3&nbsp;Photos fotosesija 2 4&nbsp;Photos Vides deja 2012@Pi\u0146\u0137i 4&nbsp;Photos n[ex]t move @Mols 2&nbsp;Photos Omas Briljanta istaba 9&nbsp;Photos Drammen, Norway 22&nbsp;Photos Oslo 1&nbsp;Photos Michelin Winter Essentials 1&nbsp;Photos Briljanta roka 7&nbsp;Photos Ziemassv\u0113tki Klaip\u0113d\u0101 1&nbsp;PhotosRead more","protected":false},"author":2,"featured_media":0,"parent":0,"menu_order":0,"comment_status":"closed","ping_status":"closed","template":"","meta":{"ngg_post_thumbnail":0,"footnotes":""},"class_list":["post-473","page","type-page","status-publish","hentry"],"_links":{"self":[{"href":"https:\/\/www.nextmove.lv\/en\/wp-json\/wp\/v2\/pages\/473","targetHints":{"allow":["GET"]}}],"collection":[{"href":"https:\/\/www.nextmove.lv\/en\/wp-json\/wp\/v2\/pages"}],"about":[{"href":"https:\/\/www.nextmove.lv\/en\/wp-json\/wp\/v2\/types\/page"}],"author":[{"embeddable":true,"href":"https:\/\/www.nextmove.lv\/en\/wp-json\/wp\/v2\/users\/2"}],"replies":[{"embeddable":true,"href":"https:\/\/www.nextmove.lv\/en\/wp-json\/wp\/v2\/comments?post=473"}],"version-history":[{"count":5,"href":"https:\/\/www.nextmove.lv\/en\/wp-json\/wp\/v2\/pages\/473\/revisions"}],"predecessor-version":[{"id":2086,"href":"https:\/\/www.nextmove.lv\/en\/wp-json\/wp\/v2\/pages\/473\/revisions\/2086"}],"wp:attachment":[{"href":"https:\/\/www.nextmove.lv\/en\/wp-json\/wp\/v2\/media?parent=473"}],"curies":[{"name":"wp","href":"https:\/\/api.w.org\/{rel}","templated":true}]}}