
{"id":459,"date":"2011-08-23T19:10:19","date_gmt":"2011-08-23T16:10:19","guid":{"rendered":"https:\/\/www.nextmove.lv\/?page_id=459"},"modified":"2019-09-15T12:17:09","modified_gmt":"2019-09-15T10:17:09","slug":"upcoming-events","status":"publish","type":"page","link":"https:\/\/www.nextmove.lv\/en\/upcoming-events\/","title":{"rendered":"Upcoming events"},"content":{"rendered":"<h4 style=\"text-align: left;\">The closest open concerts of&nbsp;the saxophone quartet n[ex]t move:<\/h4>\n<ul>\n<li>28th of September, 2019 &#8211; event &#8220;Novadu gar\u0161a&#8221;, Hanzas perons, R\u012bga<\/li>\n<li class=\"p1\" style=\"text-align: left;\">28th of September, 2019 &#8211; 100th anniversary of Pilsrund\u0101le school, Rund\u0101le Palace<\/li>\n<\/ul>\n","protected":false},"excerpt":{"rendered":"<p>The closest open concerts of&nbsp;the saxophone quartet n[ex]t move: 28th of September, 2019 &#8211; event &#8220;Novadu gar\u0161a&#8221;, Hanzas perons, R\u012bga 28th of September, 2019 &#8211; 100th anniversary of Pilsrund\u0101le school, Rund\u0101le Palace<\/p>\n","protected":false},"author":2,"featured_media":0,"parent":0,"menu_order":0,"comment_status":"open","ping_status":"closed","template":"","meta":{"ngg_post_thumbnail":0,"footnotes":""},"class_list":["post-459","page","type-page","status-publish","hentry"],"_links":{"self":[{"href":"https:\/\/www.nextmove.lv\/en\/wp-json\/wp\/v2\/pages\/459","targetHints":{"allow":["GET"]}}],"collection":[{"href":"https:\/\/www.nextmove.lv\/en\/wp-json\/wp\/v2\/pages"}],"about":[{"href":"https:\/\/www.nextmove.lv\/en\/wp-json\/wp\/v2\/types\/page"}],"author":[{"embeddable":true,"href":"https:\/\/www.nextmove.lv\/en\/wp-json\/wp\/v2\/users\/2"}],"replies":[{"embeddable":true,"href":"https:\/\/www.nextmove.lv\/en\/wp-json\/wp\/v2\/comments?post=459"}],"version-history":[{"count":9,"href":"https:\/\/www.nextmove.lv\/en\/wp-json\/wp\/v2\/pages\/459\/revisions"}],"predecessor-version":[{"id":1979,"href":"https:\/\/www.nextmove.lv\/en\/wp-json\/wp\/v2\/pages\/459\/revisions\/1979"}],"wp:attachment":[{"href":"https:\/\/www.nextmove.lv\/en\/wp-json\/wp\/v2\/media?parent=459"}],"curies":[{"name":"wp","href":"https:\/\/api.w.org\/{rel}","templated":true}]}}